{"id":13493,"date":"2020-12-27T14:56:52","date_gmt":"2020-12-27T17:56:52","guid":{"rendered":"https:\/\/rajafrutas.com.br\/?page_id=13493"},"modified":"2021-02-06T00:46:52","modified_gmt":"2021-02-06T03:46:52","slug":"home-italian-3","status":"publish","type":"page","link":"https:\/\/rajafrutas.com.br\/pt_br\/home-italian-3\/","title":{"rendered":"Home Italian"},"content":{"rendered":"<p>[vc_row full_width=&#8221;stretch_row_content&#8221; gap=&#8221;2&#8243; full_height=&#8221;yes&#8221; columns_placement=&#8221;stretch&#8221; equal_height=&#8221;yes&#8221; css_animation=&#8221;none&#8221; css=&#8221;.vc_custom_1612383176486{padding-top: 120px !important;padding-bottom: 120px !important;}&#8221; el_id=&#8221;home-3-columns&#8221;][vc_column animation_delay=&#8221;0&#8243; width=&#8221;1\/2&#8243; offset=&#8221;vc_col-lg-3\/5 vc_col-md-4 vc_col-xs-12&#8243;][vc_single_image image=&#8221;13901&#8243;][\/vc_column][vc_column animation_delay=&#8221;0&#8243; css_animation=&#8221;fadeInDown&#8221; width=&#8221;1\/2&#8243; offset=&#8221;vc_col-lg-4 vc_col-md-4 vc_col-xs-12&#8243;][vc_column_text css=&#8221;.vc_custom_1612380359106{border-top-width: 2px !important;border-right-width: 2px !important;border-bottom-width: 2px !important;border-left-width: 2px !important;padding-top: 64px !important;padding-right: 32px !important;padding-bottom: 64px !important;padding-left: 32px !important;border-left-color: #a02e31 !important;border-right-color: #a02e31 !important;border-top-color: #a02e31 !important;border-bottom-color: #a02e31 !important;}&#8221; el_id=&#8221;about-text-box&#8221; el_class=&#8221;homepage-box&#8221;]<\/p>\n<h4 class=\"letter-spacing-25\" style=\"text-align: center;\">SOBRE A RAJ\u00c1 FRUTAS<\/h4>\n<p style=\"text-align: left;\">A Raj\u00e1 Frutas \u00e9 uma empresa brasileira pioneira no beneficiamento de v\u00e1rias frutas com enfoque no a\u00e7a\u00ed. Com mais de 20 anos de exist\u00eancia, fundada em 1998, a Raj\u00e1 sempre priorizou a qualidade de seus produtos e servi\u00e7os e o atendimento diferenciado aos seus clientes. Possui dois polos industriais, um situado em Santa B\u00e1rbara do Par\u00e1, a 35 km da capital paraense, e outro na cidade de Santana, no estado do Amap\u00e1, distante 21 km de Macap\u00e1. \u00c9 em Santa B\u00e1rbara que se localiza sua sede, onde conta com grande infraestrutura, m\u00e3o de obra qualificada e uma linha de produ\u00e7\u00e3o semiautomatizada com tecnologia pr\u00f3pria. Busca sempre se adequar \u00e0s necessidades do mercado, atendendo \u00e0s exig\u00eancias dos \u00f3rg\u00e3os legisladores, de vigil\u00e2ncia sanit\u00e1ria e contribuindo para um desenvolvimento sustent\u00e1vel. Inovadora, a empresa possui uma extensa lista de produtos, com diferentes marcas, al\u00e9m de ter solu\u00e7\u00f5es personalizadas para cada um de seus clientes. A Raj\u00e1 Frutas prima pela excel\u00eancia na busca de seus fornecedores e ter\u00e1 satisfa\u00e7\u00e3o em atender novos parceiros e clientes!<\/p>\n<p>[\/vc_column_text][et_gap height=&#8221;24&#8243;][\/vc_column][\/vc_row][vc_section css=&#8221;.vc_custom_1526472438107{padding-top: 104px !important;padding-right: 32px !important;padding-bottom: 104px !important;padding-left: 32px !important;background-color: #f5f5f5 !important;}&#8221;][vc_row full_width=&#8221;stretch_row_content&#8221; css_animation=&#8221;fadeInRight&#8221;][vc_column animation_delay=&#8221;0&#8243; css_animation=&#8221;fadeInLeft&#8221; width=&#8221;1\/3&#8243;][et_image_content overlay=&#8221;overlay-fade-zoom&#8221; color=&#8221;rgba(0,0,0,0.48)&#8221; link=&#8221;#link&#8221; align=&#8221;center&#8221; image=&#8221;13554&#8243;][vc_custom_heading text=&#8221;ROG\u00c9RIO DIAS<br \/>\nDiretor Comercial&#8221; font_container=&#8221;tag:h4|text_align:center|color:%23ffffff&#8221; use_theme_fonts=&#8221;yes&#8221; el_class=&#8221;letter-spacing-25&#8243;][vc_column_text]<\/p>\n<p style=\"text-align: center;\"><span style=\"color: #ffffff;\">Diretor Comercial<br \/>\n<\/span><\/p>\n<p>[\/vc_column_text][et_separator_dottes color=&#8221;#ffffff&#8221; top=&#8221;&#8221; bottom=&#8221;&#8221; align=&#8221;center&#8221;][\/et_image_content][et_gap height=&#8221;24&#8243;][et_separator_dottes color=&#8221;#ffffff&#8221; top=&#8221;&#8221; bottom=&#8221;&#8221; align=&#8221;center&#8221;][\/vc_column][vc_column width=&#8221;1\/3&#8243;][vc_custom_heading text=&#8221;CEOs&#8221; font_container=&#8221;tag:h4|text_align:center|color:%23606060&#8243; use_theme_fonts=&#8221;yes&#8221; el_class=&#8221;letter-spacing-25&#8243;][vc_column_text css=&#8221;.vc_custom_1609314567434{margin-top: 32px !important;margin-bottom: 0px !important;border-top-width: 2px !important;border-right-width: 2px !important;border-bottom-width: 2px !important;border-left-width: 2px !important;padding-top: 46px !important;padding-right: 32px !important;padding-bottom: 86px !important;padding-left: 32px !important;border-left-color: #ddb576 !important;border-right-color: #ddb576 !important;border-top-color: #ddb576 !important;border-bottom-color: #ddb576 !important;}&#8221; el_class=&#8221;homepage-box blockquote-inline&#8221; el_id=&#8221;quote-box&#8221;]<\/p>\n<blockquote>\n<p style=\"text-align: left;\">Mais do que fabricar um produto, nossa satisfa\u00e7\u00e3o \u00e9 oferecer algo do qual temos o grato prazer de consumir tamb\u00e9m.<\/p>\n<p style=\"text-align: right;\">E voc\u00ea, j\u00e1 conhece o A\u00e7a\u00ed Raj\u00e1 em pelo menos uma de suas diversas apresenta\u00e7\u00f5es?<\/p>\n<\/blockquote>\n<p>[\/vc_column_text][\/vc_column][vc_column animation_delay=&#8221;0&#8243; css_animation=&#8221;none&#8221; width=&#8221;1\/3&#8243;][et_image_content overlay=&#8221;overlay-fade-zoom&#8221; color=&#8221;rgba(0,0,0,0.48)&#8221; link=&#8221;#link&#8221; align=&#8221;center&#8221; image=&#8221;13550&#8243;][vc_custom_heading text=&#8221;ANA CLARA<br \/>\nDiretora Administrativa&#8221; font_container=&#8221;tag:h4|text_align:center|color:%23ffffff&#8221; use_theme_fonts=&#8221;yes&#8221; el_class=&#8221;letter-spacing-25&#8243;][vc_column_text]<\/p>\n<p style=\"text-align: center;\"><span style=\"color: #ffffff;\">Diretora<\/span><\/p>\n<p>[\/vc_column_text][et_separator_dottes color=&#8221;#ffffff&#8221; top=&#8221;&#8221; bottom=&#8221;&#8221; align=&#8221;center&#8221;][\/et_image_content][et_gap height=&#8221;24&#8243;][\/vc_column][\/vc_row][vc_row full_width=&#8221;stretch_row&#8221;][vc_column width=&#8221;1\/3&#8243;][et_image alignment=&#8221;center&#8221; curtain=&#8221;true&#8221; curtain_color=&#8221;#950097&#8243; curtain_animation_delay=&#8221;0&#8243; image=&#8221;13636&#8243;][\/vc_column][vc_column width=&#8221;2\/3&#8243;][et_image alignment=&#8221;center&#8221; curtain=&#8221;true&#8221; curtain_color=&#8221;#fffd06&#8243; curtain_animation_delay=&#8221;150&#8243; image=&#8221;13651&#8243;][\/vc_column][\/vc_row][vc_row][vc_column animation_delay=&#8221;0&#8243; el_class=&#8221;text-align-center&#8221;][et_gap height=&#8221;48&#8243;][et_button button_text=&#8221;View full gallery&#8221; button_link=&#8221;#link&#8221; button_size=&#8221;large&#8221; button_color=&#8221;#ffffff&#8221; button_back_color=&#8221;#212121&#8243; button_color_hover=&#8221;#ffffff&#8221; button_back_color_hover=&#8221;#ab3633&#8243; animate_hover=&#8221;fill&#8221;][\/vc_column][\/vc_row][\/vc_section][vc_row full_width=&#8221;stretch_row_content&#8221; gap=&#8221;0&#8243;][vc_column animation_delay=&#8221;0&#8243; width=&#8221;1\/2&#8243; offset=&#8221;vc_hidden-md vc_hidden-sm vc_hidden-xs&#8221; el_id=&#8221;parallax-image-1&#8243;][et_image parallax=&#8221;true&#8221; parallax_y=&#8221;400&#8243; parallax_speed=&#8221;4&#8243; image=&#8221;13522&#8243;][\/vc_column][vc_column animation_delay=&#8221;0&#8243; width=&#8221;1\/2&#8243; offset=&#8221;vc_hidden-md vc_hidden-sm vc_hidden-xs&#8221; el_id=&#8221;parallax-image-2&#8243;][et_image alignment=&#8221;right&#8221; parallax=&#8221;true&#8221; parallax_y=&#8221;800&#8243; parallax_speed=&#8221;4&#8243; image=&#8221;13518&#8243;][\/vc_column][\/vc_row][vc_row css=&#8221;.vc_custom_1526470611736{padding-bottom: 120px !important;}&#8221; el_id=&#8221;homepage-menu&#8221;][vc_column animation_delay=&#8221;0&#8243; css_animation=&#8221;none&#8221;][vc_custom_heading text=&#8221;O QUE PODE SER FEITO &#8211; Sugest\u00f5es de Produtos Diversos&#8221; font_container=&#8221;tag:h2|font_size:32px|text_align:center|color:%23212121|line_height:40px&#8221; use_theme_fonts=&#8221;yes&#8221; el_class=&#8221;letter-spacing-5 section-title&#8221;][et_gap][et_restaurant_menu menu_container=&#8221;wide&#8221; category=&#8221;&#8221; orderby=&#8221;date&#8221; order=&#8221;DESC&#8221; menu_filter=&#8221;true&#8221; default_filter=&#8221;acai-na-tigela&#8221;][\/vc_column][\/vc_row][vc_section css=&#8221;.vc_custom_1526472438107{padding-top: 104px !important;padding-right: 32px !important;padding-bottom: 104px !important;padding-left: 32px !important;background-color: #f5f5f5 !important;}&#8221;][vc_row full_width=&#8221;stretch_row&#8221;][vc_column width=&#8221;2\/3&#8243;][vc_custom_heading text=&#8221;NOSSOS PRODUTOS&#8221; font_container=&#8221;tag:h2|font_size:32px|text_align:center|color:%23212121|line_height:40px&#8221; use_theme_fonts=&#8221;yes&#8221; el_class=&#8221;letter-spacing-5 section-title&#8221;][et_image alignment=&#8221;center&#8221; curtain=&#8221;true&#8221; curtain_color=&#8221;#ab3633&#8243; curtain_animation_delay=&#8221;0&#8243; image=&#8221;13665&#8243;][\/vc_column][vc_column width=&#8221;1\/3&#8243;][et_image alignment=&#8221;center&#8221; curtain=&#8221;true&#8221; curtain_color=&#8221;#99f9ef&#8221; curtain_animation_delay=&#8221;150&#8243; image=&#8221;13666&#8243;][et_gap height=&#8221;24&#8243;][et_image alignment=&#8221;center&#8221; curtain=&#8221;true&#8221; curtain_color=&#8221;#ddb576&#8243; curtain_animation_delay=&#8221;0&#8243; image=&#8221;13667&#8243;][\/vc_column][\/vc_row][vc_row full_width=&#8221;stretch_row&#8221;][vc_column width=&#8221;1\/3&#8243;][et_image alignment=&#8221;center&#8221; curtain=&#8221;true&#8221; curtain_color=&#8221;#67c9f9&#8243; curtain_animation_delay=&#8221;0&#8243; image=&#8221;13661&#8243;][\/vc_column][vc_column width=&#8221;2\/3&#8243;][et_image alignment=&#8221;center&#8221; curtain=&#8221;true&#8221; curtain_color=&#8221;#fef5ab&#8221; curtain_animation_delay=&#8221;150&#8243; image=&#8221;13668&#8243;][\/vc_column][\/vc_row][vc_row][vc_column animation_delay=&#8221;0&#8243; el_class=&#8221;text-align-center&#8221;][et_gap height=&#8221;48&#8243;][et_button button_text=&#8221;View full gallery&#8221; button_link=&#8221;#link&#8221; button_size=&#8221;large&#8221; button_color=&#8221;#ffffff&#8221; button_back_color=&#8221;#212121&#8243; button_color_hover=&#8221;#ffffff&#8221; button_back_color_hover=&#8221;#ab3633&#8243; animate_hover=&#8221;fill&#8221;][\/vc_column][\/vc_row][\/vc_section][vc_row css=&#8221;.vc_custom_1526484030410{padding-top: 120px !important;padding-bottom: 48px !important;}&#8221; el_id=&#8221;homepage-reviews&#8221;][vc_column animation_delay=&#8221;0&#8243; css_animation=&#8221;none&#8221;][vc_custom_heading text=&#8221;REVIEWS&#8221; font_container=&#8221;tag:h2|font_size:72px|text_align:center|color:%23212121|line_height:80px&#8221; use_theme_fonts=&#8221;yes&#8221; el_class=&#8221;letter-spacing-5 section-title&#8221;][et_gap height=&#8221;40&#8243;][et_testimonial animation_type=&#8221;random&#8221; animation_effect=&#8221;moveUp&#8221; column=&#8221;3&#8243; gap=&#8221;40&#8243; box_back=&#8221;#ffffff&#8221; box_border=&#8221;#e0e0e0&#8243;][et_testimonial_item highlights=&#8221;Trip Advisor&#8221; rating=&#8221;excellent&#8221; image=&#8221;11428&#8243;]<\/p>\n<p style=\"text-align: center;\">Certificate of Excellence Based on &#8216;329&#8217; reviews <a href=\"https:\/\/www.tripadvisor.ru\/\">[et_highlight color=&#8221;#212121&#8243; back_color=&#8221;&#8221; border_color=&#8221;#212121&#8243;]See more here[\/et_highlight]<\/a><\/p>\n<p>[\/et_testimonial_item][et_testimonial_item title=&#8221;Peita, from Guest Survey&#8221; highlights=&#8221;Reasonable Prices&#8221; rating=&#8221;excellent&#8221; highlight=&#8221;true&#8221; image=&#8221;11420&#8243;]<\/p>\n<p style=\"text-align: center;\">The restaurant was exceptional, not only because every meal we enjoyed had a variety of options and was flavorful but also because the prices were so reasonable for an oceanfront lux restaurant!<\/p>\n<p>[\/et_testimonial_item][et_testimonial_item title=&#8221;Jessica, from TripAdvisor&#8221; highlights=&#8221;Fresh Food&#8221; rating=&#8221;excellent&#8221; image=&#8221;11419&#8243;]<\/p>\n<p style=\"text-align: center;\">The food was fresh, properly prepared and a great value for the price. We highly recommend it. The breakfast buffet on Sunday was equally as good.<\/p>\n<p>[\/et_testimonial_item][et_testimonial_item title=&#8221;Joshua from TripAdvisor&#8221; highlights=&#8221;Great Memories&#8221; rating=&#8221;excellent&#8221; highlight=&#8221;true&#8221; image=&#8221;11413&#8243;]<\/p>\n<p style=\"text-align: center;\">The servers here are just wonderful and have great memories it seems. We sat on the ocean front patio and enjoyed the view with our delicious wine and lunch. Must try!<\/p>\n<p>[\/et_testimonial_item][et_testimonial_item title=&#8221;Victoria from Guest Survey&#8221; highlights=&#8221;Great place&#8221; rating=&#8221;excellent&#8221; highlight=&#8221;true&#8221; image=&#8221;11418&#8243;]<\/p>\n<p style=\"text-align: center;\">We had an amazing time. The food at Echo absolutely spectacular (we ate two meals there). Our waitress was just wonderful. Looking forward to staying with you in the future. What a great place!<\/p>\n<p>[\/et_testimonial_item][et_testimonial_item title=&#8221;Mindy, from TripAdvisor&#8221; highlights=&#8221;Wonderful Food&#8221; rating=&#8221;excellent&#8221; image=&#8221;11416&#8243;]<\/p>\n<p style=\"text-align: center;\">The food was absolutely wonderful, from preparation to presentation, very pleasing. We especially enjoyed the special bar drinks, the cucumber\/cilantro infused vodka martini and the K&amp;P Aquarium was great (even took photos).<\/p>\n<p>[\/et_testimonial_item][\/et_testimonial][\/vc_column][\/vc_row]<\/p>\n","protected":false},"excerpt":{"rendered":"<p>Leverage agile frameworks to provide a robust synopsis for high level overviews. Iterative approaches to corporate strategy foster collaborative thinking to further the overall value proposition. Organically grow the holistic world view of disruptive innovation via workplace diversity and empowerment.<\/p>\n","protected":false},"author":1,"featured_media":0,"parent":0,"menu_order":0,"comment_status":"closed","ping_status":"closed","template":"page-vc.php","meta":{"footnotes":""},"class_list":["post-13493","page","type-page","status-publish","hentry"],"_links":{"self":[{"href":"https:\/\/rajafrutas.com.br\/pt_br\/wp-json\/wp\/v2\/pages\/13493","targetHints":{"allow":["GET"]}}],"collection":[{"href":"https:\/\/rajafrutas.com.br\/pt_br\/wp-json\/wp\/v2\/pages"}],"about":[{"href":"https:\/\/rajafrutas.com.br\/pt_br\/wp-json\/wp\/v2\/types\/page"}],"author":[{"embeddable":true,"href":"https:\/\/rajafrutas.com.br\/pt_br\/wp-json\/wp\/v2\/users\/1"}],"replies":[{"embeddable":true,"href":"https:\/\/rajafrutas.com.br\/pt_br\/wp-json\/wp\/v2\/comments?post=13493"}],"version-history":[{"count":102,"href":"https:\/\/rajafrutas.com.br\/pt_br\/wp-json\/wp\/v2\/pages\/13493\/revisions"}],"predecessor-version":[{"id":13914,"href":"https:\/\/rajafrutas.com.br\/pt_br\/wp-json\/wp\/v2\/pages\/13493\/revisions\/13914"}],"wp:attachment":[{"href":"https:\/\/rajafrutas.com.br\/pt_br\/wp-json\/wp\/v2\/media?parent=13493"}],"curies":[{"name":"wp","href":"https:\/\/api.w.org\/{rel}","templated":true}]}}