{"id":15408,"date":"2021-10-08T00:02:27","date_gmt":"2021-10-08T03:02:27","guid":{"rendered":"https:\/\/rajafrutas.com.br\/?page_id=15408"},"modified":"2021-11-16T15:51:47","modified_gmt":"2021-11-16T18:51:47","slug":"receitas","status":"publish","type":"page","link":"https:\/\/rajafrutas.com.br\/pt_br\/receitas\/","title":{"rendered":"Receitas"},"content":{"rendered":"\t\t<div data-elementor-type=\"wp-page\" data-elementor-id=\"15408\" class=\"elementor elementor-15408\" data-elementor-post-type=\"page\">\n\t\t\t\t\t\t<section class=\"elementor-section elementor-top-section elementor-element elementor-element-52f47504 elementor-section-boxed elementor-section-height-default elementor-section-height-default\" data-id=\"52f47504\" data-element_type=\"section\" data-settings=\"{&quot;background_background&quot;:&quot;classic&quot;,&quot;background_image&quot;:{&quot;url&quot;:&quot;http:\\\/\\\/rajafrutas.com.br\\\/wp-content\\\/uploads\\\/2021\\\/10\\\/acai-tigela56.jpg&quot;,&quot;id&quot;:15402,&quot;size&quot;:&quot;&quot;,&quot;alt&quot;:&quot;&quot;,&quot;source&quot;:&quot;library&quot;}}\">\n\t\t\t\t\t\t\t<div class=\"elementor-background-overlay\"><\/div>\n\t\t\t\t\t\t\t<div class=\"elementor-container elementor-column-gap-default\">\n\t\t\t\t\t<div class=\"elementor-column elementor-col-100 elementor-top-column elementor-element elementor-element-7cc7908b\" data-id=\"7cc7908b\" data-element_type=\"column\">\n\t\t\t<div class=\"elementor-widget-wrap elementor-element-populated\">\n\t\t\t\t\t\t<div class=\"elementor-element elementor-element-7d381cb8 elementor-widget elementor-widget-heading\" data-id=\"7d381cb8\" data-element_type=\"widget\" data-widget_type=\"heading.default\">\n\t\t\t\t<div class=\"elementor-widget-container\">\n\t\t\t\t\t<h2 class=\"elementor-heading-title elementor-size-default\">Receitas<\/h2>\t\t\t\t<\/div>\n\t\t\t\t<\/div>\n\t\t\t\t\t<\/div>\n\t\t<\/div>\n\t\t\t\t\t<\/div>\n\t\t<\/section>\n\t\t\t\t<section class=\"elementor-section elementor-top-section elementor-element elementor-element-4271259 elementor-section-boxed elementor-section-height-default elementor-section-height-default\" data-id=\"4271259\" data-element_type=\"section\">\n\t\t\t\t\t\t<div class=\"elementor-container elementor-column-gap-default\">\n\t\t\t\t\t<div class=\"elementor-column elementor-col-100 elementor-top-column elementor-element elementor-element-30af582\" data-id=\"30af582\" data-element_type=\"column\">\n\t\t\t<div class=\"elementor-widget-wrap\">\n\t\t\t\t\t\t\t<\/div>\n\t\t<\/div>\n\t\t\t\t\t<\/div>\n\t\t<\/section>\n\t\t\t\t<section class=\"elementor-section elementor-top-section elementor-element elementor-element-f3ec4c8 elementor-section-full_width elementor-section-height-default elementor-section-height-default\" data-id=\"f3ec4c8\" data-element_type=\"section\">\n\t\t\t\t\t\t<div class=\"elementor-container elementor-column-gap-no\">\n\t\t\t\t\t<div class=\"elementor-column elementor-col-100 elementor-top-column elementor-element elementor-element-dab46e2\" data-id=\"dab46e2\" data-element_type=\"column\">\n\t\t\t<div class=\"elementor-widget-wrap elementor-element-populated\">\n\t\t\t\t\t\t<div class=\"elementor-element elementor-element-dca2aa6 elementor-grid-2 elementor-grid-tablet-2 elementor-grid-mobile-1 elementor-posts--thumbnail-top elementor-card-shadow-yes elementor-posts__hover-gradient elementor-invisible elementor-widget elementor-widget-posts\" data-id=\"dca2aa6\" data-element_type=\"widget\" data-settings=\"{&quot;cards_columns&quot;:&quot;2&quot;,&quot;pagination_type&quot;:&quot;numbers_and_prev_next&quot;,&quot;_animation&quot;:&quot;fadeInLeft&quot;,&quot;cards_columns_tablet&quot;:&quot;2&quot;,&quot;cards_columns_mobile&quot;:&quot;1&quot;,&quot;cards_row_gap&quot;:{&quot;unit&quot;:&quot;px&quot;,&quot;size&quot;:35,&quot;sizes&quot;:[]},&quot;cards_row_gap_tablet&quot;:{&quot;unit&quot;:&quot;px&quot;,&quot;size&quot;:&quot;&quot;,&quot;sizes&quot;:[]},&quot;cards_row_gap_mobile&quot;:{&quot;unit&quot;:&quot;px&quot;,&quot;size&quot;:&quot;&quot;,&quot;sizes&quot;:[]}}\" data-widget_type=\"posts.cards\">\n\t\t\t\t<div class=\"elementor-widget-container\">\n\t\t\t\t\t\t\t<div class=\"elementor-posts-container elementor-posts elementor-posts--skin-cards elementor-grid\">\n\t\t\t\t<article class=\"elementor-post elementor-grid-item post-15433 post type-post status-publish format-quote has-post-thumbnail hentry category-receitas tag-vitamina post_format-post-format-quote\">\n\t\t\t<div class=\"elementor-post__card\">\n\t\t\t\t<a class=\"elementor-post__thumbnail__link\" href=\"https:\/\/rajafrutas.com.br\/pt_br\/vitamina-energetica-de-acai\/\" tabindex=\"-1\" ><div class=\"elementor-post__thumbnail\"><img fetchpriority=\"high\" decoding=\"async\" width=\"300\" height=\"300\" src=\"https:\/\/rajafrutas.com.br\/wp-content\/uploads\/2021\/10\/vitamina-energetica-300x300.jpg\" class=\"attachment-medium size-medium wp-image-15714\" alt=\"\" srcset=\"https:\/\/rajafrutas.com.br\/wp-content\/uploads\/2021\/10\/vitamina-energetica-300x300.jpg 300w, https:\/\/rajafrutas.com.br\/wp-content\/uploads\/2021\/10\/vitamina-energetica-150x150.jpg 150w, https:\/\/rajafrutas.com.br\/wp-content\/uploads\/2021\/10\/vitamina-energetica-282x282.jpg 282w, https:\/\/rajafrutas.com.br\/wp-content\/uploads\/2021\/10\/vitamina-energetica-384x384.jpg 384w, https:\/\/rajafrutas.com.br\/wp-content\/uploads\/2021\/10\/vitamina-energetica-588x588.jpg 588w, https:\/\/rajafrutas.com.br\/wp-content\/uploads\/2021\/10\/vitamina-energetica-144x144.jpg 144w, https:\/\/rajafrutas.com.br\/wp-content\/uploads\/2021\/10\/vitamina-energetica-60x60.jpg 60w, https:\/\/rajafrutas.com.br\/wp-content\/uploads\/2021\/10\/vitamina-energetica.jpg 640w\" sizes=\"(max-width: 300px) 100vw, 300px\" \/><\/div><\/a>\n\t\t\t\t<div class=\"elementor-post__badge\">Vitamina<\/div>\n\t\t\t\t<div class=\"elementor-post__text\">\n\t\t\t\t<h3 class=\"elementor-post__title\">\n\t\t\t<a href=\"https:\/\/rajafrutas.com.br\/pt_br\/vitamina-energetica-de-acai\/\" >\n\t\t\t\tVitamina Energ\u00e9tica de A\u00e7a\u00ed\t\t\t<\/a>\n\t\t<\/h3>\n\t\t\t\t<div class=\"elementor-post__excerpt\">\n\t\t\t<p>Que tal fazer uma deliciosa vitamina energ\u00e9tica de a\u00e7a\u00ed?!<\/p>\n\t\t<\/div>\n\t\t\n\t\t<a class=\"elementor-post__read-more\" href=\"https:\/\/rajafrutas.com.br\/pt_br\/vitamina-energetica-de-acai\/\" aria-label=\"Read more about Vitamina Energ\u00e9tica de A\u00e7a\u00ed\" tabindex=\"-1\" >\n\t\t\tLeia Mais \u00bb\t\t<\/a>\n\n\t\t\t\t<\/div>\n\t\t\t\t<div class=\"elementor-post__meta-data\">\n\t\t\t\t\t<span class=\"elementor-post-date\">\n\t\t\t8 de outubro de 2021\t\t<\/span>\n\t\t\t\t<\/div>\n\t\t\t\t\t<\/div>\n\t\t<\/article>\n\t\t\t\t<article class=\"elementor-post elementor-grid-item post-3320 post type-post status-publish format-quote has-post-thumbnail hentry category-receitas tag-founde post_format-post-format-quote\">\n\t\t\t<div class=\"elementor-post__card\">\n\t\t\t\t<a class=\"elementor-post__thumbnail__link\" href=\"https:\/\/rajafrutas.com.br\/pt_br\/founde-de-acai\/\" tabindex=\"-1\" ><div class=\"elementor-post__thumbnail\"><img decoding=\"async\" width=\"285\" height=\"300\" src=\"https:\/\/rajafrutas.com.br\/wp-content\/uploads\/2021\/10\/Fondue-chocolate-acai-e1636575643810-285x300.png\" class=\"attachment-medium size-medium wp-image-15147\" alt=\"\" srcset=\"https:\/\/rajafrutas.com.br\/wp-content\/uploads\/2021\/10\/Fondue-chocolate-acai-e1636575643810-285x300.png 285w, https:\/\/rajafrutas.com.br\/wp-content\/uploads\/2021\/10\/Fondue-chocolate-acai-e1636575643810.png 469w\" sizes=\"(max-width: 285px) 100vw, 285px\" \/><\/div><\/a>\n\t\t\t\t<div class=\"elementor-post__badge\">Founde<\/div>\n\t\t\t\t<div class=\"elementor-post__text\">\n\t\t\t\t<h3 class=\"elementor-post__title\">\n\t\t\t<a href=\"https:\/\/rajafrutas.com.br\/pt_br\/founde-de-acai\/\" >\n\t\t\t\tFounde de A\u00e7a\u00ed\t\t\t<\/a>\n\t\t<\/h3>\n\t\t\t\t<div class=\"elementor-post__excerpt\">\n\t\t\t<p>Quem disse que a\u00e7a\u00ed \u00e9 uma sobremesa exclusiva do ver\u00e3o? Para receber o inverno nas regi\u00f5es frias do pa\u00eds, com grande estilo, preparamos uma receita surpreendente de fondue de leite em p\u00f3 com a\u00e7a\u00ed Raj\u00e1!<\/p>\n\t\t<\/div>\n\t\t\n\t\t<a class=\"elementor-post__read-more\" href=\"https:\/\/rajafrutas.com.br\/pt_br\/founde-de-acai\/\" aria-label=\"Read more about Founde de A\u00e7a\u00ed\" tabindex=\"-1\" >\n\t\t\tLeia Mais \u00bb\t\t<\/a>\n\n\t\t\t\t<\/div>\n\t\t\t\t<div class=\"elementor-post__meta-data\">\n\t\t\t\t\t<span class=\"elementor-post-date\">\n\t\t\t8 de outubro de 2021\t\t<\/span>\n\t\t\t\t<\/div>\n\t\t\t\t\t<\/div>\n\t\t<\/article>\n\t\t\t\t<\/div>\n\t\t\n\t\t\t\t\t\t<\/div>\n\t\t\t\t<\/div>\n\t\t\t\t\t<\/div>\n\t\t<\/div>\n\t\t\t\t\t<\/div>\n\t\t<\/section>\n\t\t\t\t<\/div>\n\t\t","protected":false},"excerpt":{"rendered":"<p>Leverage agile frameworks to provide a robust synopsis for high level overviews. Iterative approaches to corporate strategy foster collaborative thinking to further the overall value proposition. Organically grow the holistic world view of disruptive innovation via workplace diversity and empowerment.<\/p>\n","protected":false},"author":1,"featured_media":0,"parent":0,"menu_order":0,"comment_status":"closed","ping_status":"closed","template":"elementor_header_footer","meta":{"footnotes":""},"class_list":["post-15408","page","type-page","status-publish","hentry"],"_links":{"self":[{"href":"https:\/\/rajafrutas.com.br\/pt_br\/wp-json\/wp\/v2\/pages\/15408","targetHints":{"allow":["GET"]}}],"collection":[{"href":"https:\/\/rajafrutas.com.br\/pt_br\/wp-json\/wp\/v2\/pages"}],"about":[{"href":"https:\/\/rajafrutas.com.br\/pt_br\/wp-json\/wp\/v2\/types\/page"}],"author":[{"embeddable":true,"href":"https:\/\/rajafrutas.com.br\/pt_br\/wp-json\/wp\/v2\/users\/1"}],"replies":[{"embeddable":true,"href":"https:\/\/rajafrutas.com.br\/pt_br\/wp-json\/wp\/v2\/comments?post=15408"}],"version-history":[{"count":18,"href":"https:\/\/rajafrutas.com.br\/pt_br\/wp-json\/wp\/v2\/pages\/15408\/revisions"}],"predecessor-version":[{"id":15978,"href":"https:\/\/rajafrutas.com.br\/pt_br\/wp-json\/wp\/v2\/pages\/15408\/revisions\/15978"}],"wp:attachment":[{"href":"https:\/\/rajafrutas.com.br\/pt_br\/wp-json\/wp\/v2\/media?parent=15408"}],"curies":[{"name":"wp","href":"https:\/\/api.w.org\/{rel}","templated":true}]}}