{"id":16289,"date":"2022-11-18T11:31:20","date_gmt":"2022-11-18T14:31:20","guid":{"rendered":"https:\/\/rajafrutas.com.br\/?page_id=16289"},"modified":"2022-11-18T11:36:24","modified_gmt":"2022-11-18T14:36:24","slug":"eventos","status":"publish","type":"page","link":"https:\/\/rajafrutas.com.br\/pt_br\/eventos\/","title":{"rendered":"Eventos"},"content":{"rendered":"\t\t<div data-elementor-type=\"wp-page\" data-elementor-id=\"16289\" class=\"elementor elementor-16289\" data-elementor-post-type=\"page\">\n\t\t\t\t\t\t<section class=\"elementor-section elementor-top-section elementor-element elementor-element-265b310a elementor-section-height-min-height elementor-section-boxed elementor-section-height-default elementor-section-items-middle\" data-id=\"265b310a\" data-element_type=\"section\" data-settings=\"{&quot;background_background&quot;:&quot;classic&quot;,&quot;background_image&quot;:{&quot;url&quot;:&quot;http:\\\/\\\/rajafrutas.com.br\\\/wp-content\\\/uploads\\\/2021\\\/10\\\/0-caroco-acai-na-peneira-1.jpg&quot;,&quot;id&quot;:15356,&quot;size&quot;:&quot;&quot;}}\">\n\t\t\t\t\t\t\t<div class=\"elementor-background-overlay\"><\/div>\n\t\t\t\t\t\t\t<div class=\"elementor-container elementor-column-gap-default\">\n\t\t\t\t\t<div class=\"elementor-column elementor-col-100 elementor-top-column elementor-element elementor-element-72027cbc\" data-id=\"72027cbc\" data-element_type=\"column\">\n\t\t\t<div class=\"elementor-widget-wrap elementor-element-populated\">\n\t\t\t\t\t\t<div class=\"elementor-element elementor-element-656643c8 elementor-invisible elementor-widget elementor-widget-heading\" data-id=\"656643c8\" data-element_type=\"widget\" data-settings=\"{&quot;_animation&quot;:&quot;fadeInLeft&quot;}\" data-widget_type=\"heading.default\">\n\t\t\t\t<div class=\"elementor-widget-container\">\n\t\t\t\t\t<h2 class=\"elementor-heading-title elementor-size-default\">Raj\u00e1 Eventos <\/h2>\t\t\t\t<\/div>\n\t\t\t\t<\/div>\n\t\t\t\t<div class=\"elementor-element elementor-element-74665c7a elementor-invisible elementor-widget elementor-widget-heading\" data-id=\"74665c7a\" data-element_type=\"widget\" data-settings=\"{&quot;_animation&quot;:&quot;fadeInLeft&quot;}\" data-widget_type=\"heading.default\">\n\t\t\t\t<div class=\"elementor-widget-container\">\n\t\t\t\t\t<h2 class=\"elementor-heading-title elementor-size-default\">Nossos principais eventos e compromissos sociais est\u00e3o aqui<\/h2>\t\t\t\t<\/div>\n\t\t\t\t<\/div>\n\t\t\t\t\t<\/div>\n\t\t<\/div>\n\t\t\t\t\t<\/div>\n\t\t<\/section>\n\t\t\t\t<section class=\"elementor-section elementor-top-section elementor-element elementor-element-4e8ebc83 elementor-section-full_width elementor-section-height-default elementor-section-height-default\" data-id=\"4e8ebc83\" data-element_type=\"section\">\n\t\t\t\t\t\t<div class=\"elementor-container elementor-column-gap-no\">\n\t\t\t\t\t<div class=\"elementor-column elementor-col-100 elementor-top-column elementor-element elementor-element-441b09d9\" data-id=\"441b09d9\" data-element_type=\"column\">\n\t\t\t<div class=\"elementor-widget-wrap elementor-element-populated\">\n\t\t\t\t\t\t<div class=\"elementor-element elementor-element-1f58f681 elementor-grid-2 elementor-grid-tablet-2 elementor-grid-mobile-1 elementor-posts--thumbnail-top elementor-card-shadow-yes elementor-posts__hover-gradient elementor-invisible elementor-widget elementor-widget-posts\" data-id=\"1f58f681\" data-element_type=\"widget\" data-settings=\"{&quot;cards_columns&quot;:&quot;2&quot;,&quot;pagination_type&quot;:&quot;numbers_and_prev_next&quot;,&quot;_animation&quot;:&quot;fadeInLeft&quot;,&quot;cards_columns_tablet&quot;:&quot;2&quot;,&quot;cards_columns_mobile&quot;:&quot;1&quot;,&quot;cards_row_gap&quot;:{&quot;unit&quot;:&quot;px&quot;,&quot;size&quot;:35,&quot;sizes&quot;:[]},&quot;cards_row_gap_tablet&quot;:{&quot;unit&quot;:&quot;px&quot;,&quot;size&quot;:&quot;&quot;,&quot;sizes&quot;:[]},&quot;cards_row_gap_mobile&quot;:{&quot;unit&quot;:&quot;px&quot;,&quot;size&quot;:&quot;&quot;,&quot;sizes&quot;:[]}}\" data-widget_type=\"posts.cards\">\n\t\t\t\t<div class=\"elementor-widget-container\">\n\t\t\t\t\t\t\t<div class=\"elementor-posts-container elementor-posts elementor-posts--skin-cards elementor-grid\">\n\t\t\t\t<article class=\"elementor-post elementor-grid-item post-16245 post type-post status-publish format-standard has-post-thumbnail hentry category-eventos\">\n\t\t\t<div class=\"elementor-post__card\">\n\t\t\t\t<a class=\"elementor-post__thumbnail__link\" href=\"https:\/\/rajafrutas.com.br\/pt_br\/acao-social-raja\/\" tabindex=\"-1\" ><div class=\"elementor-post__thumbnail\"><img fetchpriority=\"high\" decoding=\"async\" width=\"300\" height=\"300\" src=\"https:\/\/rajafrutas.com.br\/wp-content\/uploads\/2022\/11\/AcaoSocial3-300x300.jpeg\" class=\"attachment-medium size-medium wp-image-16247\" alt=\"\" srcset=\"https:\/\/rajafrutas.com.br\/wp-content\/uploads\/2022\/11\/AcaoSocial3-300x300.jpeg 300w, https:\/\/rajafrutas.com.br\/wp-content\/uploads\/2022\/11\/AcaoSocial3-1024x1024.jpeg 1024w, https:\/\/rajafrutas.com.br\/wp-content\/uploads\/2022\/11\/AcaoSocial3-150x150.jpeg 150w, https:\/\/rajafrutas.com.br\/wp-content\/uploads\/2022\/11\/AcaoSocial3-768x768.jpeg 768w, https:\/\/rajafrutas.com.br\/wp-content\/uploads\/2022\/11\/AcaoSocial3-1536x1536.jpeg 1536w, https:\/\/rajafrutas.com.br\/wp-content\/uploads\/2022\/11\/AcaoSocial3-12x12.jpeg 12w, https:\/\/rajafrutas.com.br\/wp-content\/uploads\/2022\/11\/AcaoSocial3-282x282.jpeg 282w, https:\/\/rajafrutas.com.br\/wp-content\/uploads\/2022\/11\/AcaoSocial3-384x384.jpeg 384w, https:\/\/rajafrutas.com.br\/wp-content\/uploads\/2022\/11\/AcaoSocial3-588x588.jpeg 588w, https:\/\/rajafrutas.com.br\/wp-content\/uploads\/2022\/11\/AcaoSocial3-144x144.jpeg 144w, https:\/\/rajafrutas.com.br\/wp-content\/uploads\/2022\/11\/AcaoSocial3-60x60.jpeg 60w, https:\/\/rajafrutas.com.br\/wp-content\/uploads\/2022\/11\/AcaoSocial3.jpeg 1544w\" sizes=\"(max-width: 300px) 100vw, 300px\" \/><\/div><\/a>\n\t\t\t\t<div class=\"elementor-post__text\">\n\t\t\t\t<h3 class=\"elementor-post__title\">\n\t\t\t<a href=\"https:\/\/rajafrutas.com.br\/pt_br\/acao-social-raja\/\" >\n\t\t\t\tA\u00e7\u00e3o Social Raj\u00e1\t\t\t<\/a>\n\t\t<\/h3>\n\t\t\t\t<div class=\"elementor-post__excerpt\">\n\t\t\t<p>Mais uma A\u00e7\u00e3o Social da Raj\u00e1 com Jovens em Ananindeua.<\/p>\n\t\t<\/div>\n\t\t\n\t\t<a class=\"elementor-post__read-more\" href=\"https:\/\/rajafrutas.com.br\/pt_br\/acao-social-raja\/\" aria-label=\"Read more about A\u00e7\u00e3o Social Raj\u00e1\" tabindex=\"-1\" >\n\t\t\tLeia Mais \u00bb\t\t<\/a>\n\n\t\t\t\t<\/div>\n\t\t\t\t<div class=\"elementor-post__meta-data\">\n\t\t\t\t\t<span class=\"elementor-post-date\">\n\t\t\t4 de novembro de 2022\t\t<\/span>\n\t\t\t\t<\/div>\n\t\t\t\t\t<\/div>\n\t\t<\/article>\n\t\t\t\t<\/div>\n\t\t\n\t\t\t\t\t\t<\/div>\n\t\t\t\t<\/div>\n\t\t\t\t\t<\/div>\n\t\t<\/div>\n\t\t\t\t\t<\/div>\n\t\t<\/section>\n\t\t\t\t<\/div>\n\t\t","protected":false},"excerpt":{"rendered":"<p>Leverage agile frameworks to provide a robust synopsis for high level overviews. Iterative approaches to corporate strategy foster collaborative thinking to further the overall value proposition. Organically grow the holistic world view of disruptive innovation via workplace diversity and empowerment.<\/p>\n","protected":false},"author":1,"featured_media":0,"parent":0,"menu_order":0,"comment_status":"closed","ping_status":"closed","template":"elementor_header_footer","meta":{"footnotes":""},"class_list":["post-16289","page","type-page","status-publish","hentry"],"_links":{"self":[{"href":"https:\/\/rajafrutas.com.br\/pt_br\/wp-json\/wp\/v2\/pages\/16289","targetHints":{"allow":["GET"]}}],"collection":[{"href":"https:\/\/rajafrutas.com.br\/pt_br\/wp-json\/wp\/v2\/pages"}],"about":[{"href":"https:\/\/rajafrutas.com.br\/pt_br\/wp-json\/wp\/v2\/types\/page"}],"author":[{"embeddable":true,"href":"https:\/\/rajafrutas.com.br\/pt_br\/wp-json\/wp\/v2\/users\/1"}],"replies":[{"embeddable":true,"href":"https:\/\/rajafrutas.com.br\/pt_br\/wp-json\/wp\/v2\/comments?post=16289"}],"version-history":[{"count":4,"href":"https:\/\/rajafrutas.com.br\/pt_br\/wp-json\/wp\/v2\/pages\/16289\/revisions"}],"predecessor-version":[{"id":16294,"href":"https:\/\/rajafrutas.com.br\/pt_br\/wp-json\/wp\/v2\/pages\/16289\/revisions\/16294"}],"wp:attachment":[{"href":"https:\/\/rajafrutas.com.br\/pt_br\/wp-json\/wp\/v2\/media?parent=16289"}],"curies":[{"name":"wp","href":"https:\/\/api.w.org\/{rel}","templated":true}]}}