{"id":16297,"date":"2022-11-25T01:43:05","date_gmt":"2022-11-25T04:43:05","guid":{"rendered":"https:\/\/rajafrutas.com.br\/?page_id=16297"},"modified":"2022-12-15T09:27:10","modified_gmt":"2022-12-15T12:27:10","slug":"vendas","status":"publish","type":"page","link":"https:\/\/rajafrutas.com.br\/pt_br\/vendas\/","title":{"rendered":"Vendas"},"content":{"rendered":"\t\t<div data-elementor-type=\"wp-page\" data-elementor-id=\"16297\" class=\"elementor elementor-16297\" data-elementor-post-type=\"page\">\n\t\t\t\t<div class=\"elementor-element elementor-element-86341be e-flex e-con-boxed e-con e-parent\" data-id=\"86341be\" data-element_type=\"container\" data-settings=\"{&quot;background_background&quot;:&quot;classic&quot;}\">\n\t\t\t\t\t<div class=\"e-con-inner\">\n\t\t<div class=\"elementor-element elementor-element-76286ca e-con-full e-flex e-con e-child\" data-id=\"76286ca\" data-element_type=\"container\" data-settings=\"{&quot;background_background&quot;:&quot;classic&quot;}\">\n\t\t\t\t<div class=\"elementor-element elementor-element-1e04261 elementor-widget-tablet__width-initial elementor-widget__width-initial elementor-widget elementor-widget-heading\" data-id=\"1e04261\" data-element_type=\"widget\" data-widget_type=\"heading.default\">\n\t\t\t\t<div class=\"elementor-widget-container\">\n\t\t\t\t\t<h4 class=\"elementor-heading-title elementor-size-medium\">PROCURANDO O MELHOR A\u00c7A\u00cd? <br>\n<strong><span style=\"color: #309c37\">\nSUA BUSCA ACABA AQUI.<\/span><\/strong><\/h4>\t\t\t\t<\/div>\n\t\t\t\t<\/div>\n\t\t\t\t<div class=\"elementor-element elementor-element-0022d99 elementor-widget-tablet__width-initial elementor-widget__width-initial elementor-widget elementor-widget-text-editor\" data-id=\"0022d99\" data-element_type=\"widget\" data-widget_type=\"text-editor.default\">\n\t\t\t\t<div class=\"elementor-widget-container\">\n\t\t\t\t\t\t\t\t\t<span style=\"color: #309c37\">A\u00c7A\u00cd RAJ\u00c1<\/span>,\u00a0 mais de 20 anos de\ntradi\u00e7\u00e3o, qualidade e\ncompetitividade.\t\t\t\t\t\t\t\t<\/div>\n\t\t\t\t<\/div>\n\t\t\t\t<\/div>\n\t\t\t\t<div class=\"elementor-element elementor-element-abe1d90 elementor-button-danger elementor-align-right elementor-widget__width-initial devagar elementor-mobile-align-center elementor-widget-mobile__width-initial elementor-widget elementor-widget-button\" data-id=\"abe1d90\" data-element_type=\"widget\" data-widget_type=\"button.default\">\n\t\t\t\t<div class=\"elementor-widget-container\">\n\t\t\t\t\t\t\t\t\t<div class=\"elementor-button-wrapper\">\n\t\t\t\t\t<a class=\"elementor-button elementor-button-link elementor-size-md\" href=\"#\">\n\t\t\t\t\t\t<span class=\"elementor-button-content-wrapper\">\n\t\t\t\t\t\t\t\t\t<span class=\"elementor-button-text\">QUERO SABER MAIS<\/span>\n\t\t\t\t\t<\/span>\n\t\t\t\t\t<\/a>\n\t\t\t\t<\/div>\n\t\t\t\t\t\t\t\t<\/div>\n\t\t\t\t<\/div>\n\t\t<div class=\"elementor-element elementor-element-0fb84e8 e-con-full e-flex e-con e-child\" data-id=\"0fb84e8\" data-element_type=\"container\">\n\t\t\t\t<div class=\"elementor-element elementor-element-50e3412 elementor-widget__width-initial elementor-widget elementor-widget-image\" data-id=\"50e3412\" data-element_type=\"widget\" data-settings=\"{&quot;motion_fx_motion_fx_scrolling&quot;:&quot;yes&quot;,&quot;motion_fx_translateY_effect&quot;:&quot;yes&quot;,&quot;motion_fx_translateY_direction&quot;:&quot;negative&quot;,&quot;motion_fx_translateY_speed&quot;:{&quot;unit&quot;:&quot;px&quot;,&quot;size&quot;:4,&quot;sizes&quot;:[]},&quot;motion_fx_translateY_affectedRange&quot;:{&quot;unit&quot;:&quot;%&quot;,&quot;size&quot;:&quot;&quot;,&quot;sizes&quot;:{&quot;start&quot;:0,&quot;end&quot;:100}},&quot;motion_fx_devices&quot;:[&quot;desktop&quot;,&quot;tablet&quot;,&quot;mobile&quot;]}\" data-widget_type=\"image.default\">\n\t\t\t\t<div class=\"elementor-widget-container\">\n\t\t\t\t\t\t\t\t\t\t\t\t\t\t\t<img decoding=\"async\" width=\"60\" height=\"90\" src=\"https:\/\/rajafrutas.com.br\/wp-content\/uploads\/2022\/12\/kisspng-aa-na-tigela-aa-palm-juice-blueberry-smal-60x90.png\" class=\"attachment-goodresto_60X90 size-goodresto_60X90 wp-image-16689\" alt=\"\" \/>\t\t\t\t\t\t\t\t\t\t\t\t\t\t\t<\/div>\n\t\t\t\t<\/div>\n\t\t\t\t<\/div>\n\t\t\t\t\t<\/div>\n\t\t\t\t<\/div>\n\t\t<div class=\"elementor-element elementor-element-0447faa e-flex e-con-boxed e-con e-parent\" data-id=\"0447faa\" data-element_type=\"container\" data-settings=\"{&quot;background_background&quot;:&quot;classic&quot;}\">\n\t\t\t\t\t<div class=\"e-con-inner\">\n\t\t\t\t<div class=\"elementor-element elementor-element-f8e76d6 elementor-widget elementor-widget-heading\" data-id=\"f8e76d6\" data-element_type=\"widget\" data-widget_type=\"heading.default\">\n\t\t\t\t<div class=\"elementor-widget-container\">\n\t\t\t\t\t<h3 class=\"elementor-heading-title elementor-size-default\">NOSSOS PRODUTOS<\/h3>\t\t\t\t<\/div>\n\t\t\t\t<\/div>\n\t\t\t\t\t<\/div>\n\t\t\t\t<\/div>\n\t\t<div class=\"elementor-element elementor-element-ace7cea e-flex e-con-boxed e-con e-parent\" data-id=\"ace7cea\" data-element_type=\"container\" data-settings=\"{&quot;background_background&quot;:&quot;classic&quot;}\">\n\t\t\t\t\t<div class=\"e-con-inner\">\n\t\t\t\t\t<\/div>\n\t\t\t\t<\/div>\n\t\t<div class=\"elementor-element elementor-element-50e3d78 e-flex e-con-boxed e-con e-parent\" data-id=\"50e3d78\" data-element_type=\"container\" data-settings=\"{&quot;background_background&quot;:&quot;classic&quot;}\">\n\t\t\t\t\t<div class=\"e-con-inner\">\n\t\t<div class=\"elementor-element elementor-element-e783617 e-flex e-con-boxed e-con e-child\" data-id=\"e783617\" data-element_type=\"container\">\n\t\t\t\t\t<div class=\"e-con-inner\">\n\t\t\t\t<div class=\"elementor-element elementor-element-a680f39 elementor-widget-mobile__width-initial elementor-widget elementor-widget-image\" data-id=\"a680f39\" data-element_type=\"widget\" data-widget_type=\"image.default\">\n\t\t\t\t<div class=\"elementor-widget-container\">\n\t\t\t\t\t\t\t\t\t\t\t\t\t\t\t<img fetchpriority=\"high\" decoding=\"async\" width=\"340\" height=\"214\" src=\"https:\/\/rajafrutas.com.br\/wp-content\/uploads\/2022\/12\/acai-tigela4.webp\" class=\"attachment-large size-large wp-image-16508\" alt=\"\" srcset=\"https:\/\/rajafrutas.com.br\/wp-content\/uploads\/2022\/12\/acai-tigela4.webp 340w, https:\/\/rajafrutas.com.br\/wp-content\/uploads\/2022\/12\/acai-tigela4-300x189.webp 300w, https:\/\/rajafrutas.com.br\/wp-content\/uploads\/2022\/12\/acai-tigela4-18x12.webp 18w\" sizes=\"(max-width: 340px) 100vw, 340px\" \/>\t\t\t\t\t\t\t\t\t\t\t\t\t\t\t<\/div>\n\t\t\t\t<\/div>\n\t\t\t\t<div class=\"elementor-element elementor-element-8c35a4e elementor-widget-mobile__width-initial elementor-widget elementor-widget-image\" data-id=\"8c35a4e\" data-element_type=\"widget\" data-widget_type=\"image.default\">\n\t\t\t\t<div class=\"elementor-widget-container\">\n\t\t\t\t\t\t\t\t\t\t\t\t\t\t\t<img decoding=\"async\" width=\"340\" height=\"214\" src=\"https:\/\/rajafrutas.com.br\/wp-content\/uploads\/2022\/12\/acai-copo-7.webp\" class=\"attachment-large size-large wp-image-16507\" alt=\"\" srcset=\"https:\/\/rajafrutas.com.br\/wp-content\/uploads\/2022\/12\/acai-copo-7.webp 340w, https:\/\/rajafrutas.com.br\/wp-content\/uploads\/2022\/12\/acai-copo-7-300x189.webp 300w, https:\/\/rajafrutas.com.br\/wp-content\/uploads\/2022\/12\/acai-copo-7-18x12.webp 18w\" sizes=\"(max-width: 340px) 100vw, 340px\" \/>\t\t\t\t\t\t\t\t\t\t\t\t\t\t\t<\/div>\n\t\t\t\t<\/div>\n\t\t\t\t<div class=\"elementor-element elementor-element-edfeeb2 elementor-widget__width-inherit elementor-widget-mobile__width-initial elementor-widget elementor-widget-image\" data-id=\"edfeeb2\" data-element_type=\"widget\" data-widget_type=\"image.default\">\n\t\t\t\t<div class=\"elementor-widget-container\">\n\t\t\t\t\t\t\t\t\t\t\t\t\t\t\t<img loading=\"lazy\" decoding=\"async\" width=\"340\" height=\"214\" src=\"https:\/\/rajafrutas.com.br\/wp-content\/uploads\/2022\/12\/sorvete-acai.webp\" class=\"attachment-large size-large wp-image-16504\" alt=\"\" srcset=\"https:\/\/rajafrutas.com.br\/wp-content\/uploads\/2022\/12\/sorvete-acai.webp 340w, https:\/\/rajafrutas.com.br\/wp-content\/uploads\/2022\/12\/sorvete-acai-300x189.webp 300w, https:\/\/rajafrutas.com.br\/wp-content\/uploads\/2022\/12\/sorvete-acai-18x12.webp 18w\" sizes=\"(max-width: 340px) 100vw, 340px\" \/>\t\t\t\t\t\t\t\t\t\t\t\t\t\t\t<\/div>\n\t\t\t\t<\/div>\n\t\t\t\t<div class=\"elementor-element elementor-element-916752b elementor-widget-mobile__width-initial elementor-widget elementor-widget-image\" data-id=\"916752b\" data-element_type=\"widget\" data-widget_type=\"image.default\">\n\t\t\t\t<div class=\"elementor-widget-container\">\n\t\t\t\t\t\t\t\t\t\t\t\t\t\t\t<img decoding=\"async\" width=\"340\" height=\"214\" src=\"https:\/\/rajafrutas.com.br\/wp-content\/uploads\/2022\/12\/acai-copo-7.webp\" class=\"attachment-large size-large wp-image-16507\" alt=\"\" srcset=\"https:\/\/rajafrutas.com.br\/wp-content\/uploads\/2022\/12\/acai-copo-7.webp 340w, https:\/\/rajafrutas.com.br\/wp-content\/uploads\/2022\/12\/acai-copo-7-300x189.webp 300w, https:\/\/rajafrutas.com.br\/wp-content\/uploads\/2022\/12\/acai-copo-7-18x12.webp 18w\" sizes=\"(max-width: 340px) 100vw, 340px\" \/>\t\t\t\t\t\t\t\t\t\t\t\t\t\t\t<\/div>\n\t\t\t\t<\/div>\n\t\t\t\t<div class=\"elementor-element elementor-element-4769744 elementor-widget-mobile__width-initial elementor-widget elementor-widget-image\" data-id=\"4769744\" data-element_type=\"widget\" data-widget_type=\"image.default\">\n\t\t\t\t<div class=\"elementor-widget-container\">\n\t\t\t\t\t\t\t\t\t\t\t\t\t\t\t<img loading=\"lazy\" decoding=\"async\" width=\"340\" height=\"214\" src=\"https:\/\/rajafrutas.com.br\/wp-content\/uploads\/2022\/12\/acai-copo-2.webp\" class=\"attachment-large size-large wp-image-16506\" alt=\"\" srcset=\"https:\/\/rajafrutas.com.br\/wp-content\/uploads\/2022\/12\/acai-copo-2.webp 340w, https:\/\/rajafrutas.com.br\/wp-content\/uploads\/2022\/12\/acai-copo-2-300x189.webp 300w, https:\/\/rajafrutas.com.br\/wp-content\/uploads\/2022\/12\/acai-copo-2-18x12.webp 18w\" sizes=\"(max-width: 340px) 100vw, 340px\" \/>\t\t\t\t\t\t\t\t\t\t\t\t\t\t\t<\/div>\n\t\t\t\t<\/div>\n\t\t\t\t<div class=\"elementor-element elementor-element-cf03b1d elementor-widget__width-inherit elementor-widget-mobile__width-initial elementor-widget elementor-widget-image\" data-id=\"cf03b1d\" data-element_type=\"widget\" data-widget_type=\"image.default\">\n\t\t\t\t<div class=\"elementor-widget-container\">\n\t\t\t\t\t\t\t\t\t\t\t\t\t\t\t<img loading=\"lazy\" decoding=\"async\" width=\"340\" height=\"214\" src=\"https:\/\/rajafrutas.com.br\/wp-content\/uploads\/2022\/12\/acai-tigela29.webp\" class=\"attachment-large size-large wp-image-16510\" alt=\"\" srcset=\"https:\/\/rajafrutas.com.br\/wp-content\/uploads\/2022\/12\/acai-tigela29.webp 340w, https:\/\/rajafrutas.com.br\/wp-content\/uploads\/2022\/12\/acai-tigela29-300x189.webp 300w, https:\/\/rajafrutas.com.br\/wp-content\/uploads\/2022\/12\/acai-tigela29-18x12.webp 18w\" sizes=\"(max-width: 340px) 100vw, 340px\" \/>\t\t\t\t\t\t\t\t\t\t\t\t\t\t\t<\/div>\n\t\t\t\t<\/div>\n\t\t\t\t\t<\/div>\n\t\t\t\t<\/div>\n\t\t<div class=\"elementor-element elementor-element-5d119e1 e-con-full e-flex e-con e-child\" data-id=\"5d119e1\" data-element_type=\"container\" data-settings=\"{&quot;background_background&quot;:&quot;classic&quot;}\">\n\t\t\t\t<div class=\"elementor-element elementor-element-dc38274 card-box elementor-widget elementor-widget-text-editor\" data-id=\"dc38274\" data-element_type=\"widget\" data-widget_type=\"text-editor.default\">\n\t\t\t\t<div class=\"elementor-widget-container\">\n\t\t\t\t\t\t\t\t\t<p>Lorem ipsum dolor sit amet, consectetur adipiscing elit.<\/p>\t\t\t\t\t\t\t\t<\/div>\n\t\t\t\t<\/div>\n\t\t\t\t<div class=\"elementor-element elementor-element-af28c50 card-box elementor-widget elementor-widget-text-editor\" data-id=\"af28c50\" data-element_type=\"widget\" data-widget_type=\"text-editor.default\">\n\t\t\t\t<div class=\"elementor-widget-container\">\n\t\t\t\t\t\t\t\t\t<p>\u00a0Ut elit tellus, luctus nec ullamcorper mattis, pulvinar dapibus leo.<\/p>\t\t\t\t\t\t\t\t<\/div>\n\t\t\t\t<\/div>\n\t\t\t\t<div class=\"elementor-element elementor-element-6fe9d1d card-box elementor-widget elementor-widget-text-editor\" data-id=\"6fe9d1d\" data-element_type=\"widget\" data-widget_type=\"text-editor.default\">\n\t\t\t\t<div class=\"elementor-widget-container\">\n\t\t\t\t\t\t\t\t\t<p>Lorem ipsum dolor sit amet, consectetur adipiscing elit.<\/p>\t\t\t\t\t\t\t\t<\/div>\n\t\t\t\t<\/div>\n\t\t\t\t<\/div>\n\t\t\t\t\t<\/div>\n\t\t\t\t<\/div>\n\t\t\t\t<\/div>\n\t\t","protected":false},"excerpt":{"rendered":"<p>PROCURANDO O MELHOR A\u00c7A\u00cd? SUA BUSCA ACABA AQUI. A\u00c7A\u00cd RAJ\u00c1,\u00a0 mais de 20 anos de tradi\u00e7\u00e3o, qualidade e competitividade. QUERO SABER MAIS NOSSOS PRODUTOS This is a title Click edit button to change this text. Lorem ipsum dolor sit amet, consectetur adipiscing elit. Ut elit tellus, luctus nec ullamcorper mattis, pulvinar dapibus leo. Entre em [&hellip;]<\/p>\n","protected":false},"author":1,"featured_media":0,"parent":0,"menu_order":0,"comment_status":"closed","ping_status":"closed","template":"","meta":{"footnotes":""},"class_list":["post-16297","page","type-page","status-publish","hentry"],"_links":{"self":[{"href":"https:\/\/rajafrutas.com.br\/pt_br\/wp-json\/wp\/v2\/pages\/16297","targetHints":{"allow":["GET"]}}],"collection":[{"href":"https:\/\/rajafrutas.com.br\/pt_br\/wp-json\/wp\/v2\/pages"}],"about":[{"href":"https:\/\/rajafrutas.com.br\/pt_br\/wp-json\/wp\/v2\/types\/page"}],"author":[{"embeddable":true,"href":"https:\/\/rajafrutas.com.br\/pt_br\/wp-json\/wp\/v2\/users\/1"}],"replies":[{"embeddable":true,"href":"https:\/\/rajafrutas.com.br\/pt_br\/wp-json\/wp\/v2\/comments?post=16297"}],"version-history":[{"count":418,"href":"https:\/\/rajafrutas.com.br\/pt_br\/wp-json\/wp\/v2\/pages\/16297\/revisions"}],"predecessor-version":[{"id":16811,"href":"https:\/\/rajafrutas.com.br\/pt_br\/wp-json\/wp\/v2\/pages\/16297\/revisions\/16811"}],"wp:attachment":[{"href":"https:\/\/rajafrutas.com.br\/pt_br\/wp-json\/wp\/v2\/media?parent=16297"}],"curies":[{"name":"wp","href":"https:\/\/api.w.org\/{rel}","templated":true}]}}